{"id":156,"date":"2015-07-16T09:12:51","date_gmt":"2015-07-16T09:12:51","guid":{"rendered":"http:\/\/test.kriesi.at\/minimal-portfolio\/?page_id=156"},"modified":"2020-08-11T10:33:50","modified_gmt":"2020-08-11T08:33:50","slug":"contact","status":"publish","type":"page","link":"https:\/\/www.smile-and-more.at\/?page_id=156","title":{"rendered":"JK Dentallabor &#8211; Kontakt"},"content":{"rendered":"<div id='full_slider_1'  class='avia-fullwidth-slider main_color avia-shadow   avia-builder-el-0  el_before_av_one_full  avia-builder-el-first   container_wrap fullsize' style=' '  ><div   data-size='featured_large'  data-lightbox_size='large'  data-animation='fade'  data-conditional_play=''  data-ids='932'  data-video_counter='0'  data-autoplay='false'  data-bg_slider='false'  data-slide_height=''  data-handle='av_slideshow_full'  data-interval='5'  data-class=' '  data-el_id=''  data-css_id=''  data-scroll_down=''  data-control_layout='av-control-minimal'  data-custom_markup=''  data-perma_caption=''  data-autoplay_stopper=''  data-image_attachment=''  data-min_height='0px'  data-src=''  data-position='top left'  data-repeat='no-repeat'  data-attach='scroll'  data-stretch=''  data-default-height='42'  class='avia-slideshow avia-slideshow-1  av-control-minimal av-default-height-applied avia-slideshow-featured_large av_slideshow_full   avia-fade-slider '  itemprop=\"image\" itemscope=\"itemscope\" itemtype=\"https:\/\/schema.org\/ImageObject\" ><ul class='avia-slideshow-inner ' style='padding-bottom: 42%;' ><li  class=' av-single-slide slide-1 ' ><div data-rel='slideshow-1' class='avia-slide-wrap '   ><div class = \"caption_fullwidth av-slideshow-caption caption_right caption_right_framed caption_framed\"><div class = \"container caption_container\"><div class = \"slideshow_caption\"><div class = \"slideshow_inner_caption\"><div class = \"slideshow_align_caption\"><h2  style='font-size:27px; ' class='avia-caption-title   av-medium-font-size-overwrite av-medium-font-size-20 av-small-font-size-overwrite av-small-font-size-10'  itemprop=\"name\" >Lernen wir uns kennen!<\/h2><div class='avia-caption-content  av-medium-font-size-overwrite av-medium-font-size-20 av-small-font-size-overwrite av-small-font-size-10 av_inherit_color'  itemprop=\"description\"   style='font-size:27px; '><p>Wir freuen uns auf sie.<\/p>\n<\/div><\/div><\/div><\/div><\/div><\/div><img src='https:\/\/www.smile-and-more.at\/wp-content\/uploads\/2020\/08\/ERSI2020_167_4119-1.jpg' width='1500' height='630' title='ERSI2020_167_4119' alt=''  itemprop=\"thumbnailUrl\"   \/><\/div><\/li><\/ul><\/div><\/div><div id='after_full_slider_1'  class='main_color av_default_container_wrap container_wrap fullsize' style=' '  ><div class='container' ><div class='template-page content  av-content-full alpha units'><div class='post-entry post-entry-type-page post-entry-156'><div class='entry-content-wrapper clearfix'>\n<div class=\"flex_column av_one_full  flex_column_div av-zero-column-padding first  avia-builder-el-1  el_after_av_slideshow_full  el_before_av_one_half  avia-builder-el-first  \" style='border-radius:0px; '><p><section class=\"av_textblock_section \"  itemscope=\"itemscope\" itemtype=\"https:\/\/schema.org\/CreativeWork\" ><div class='avia_textblock  av_inherit_color '  style='color:#ffffff; '  itemprop=\"text\" ><p>&#8230;<\/p>\n<\/div><\/section><br \/>\n<section class=\"av_textblock_section \"  itemscope=\"itemscope\" itemtype=\"https:\/\/schema.org\/CreativeWork\" ><div class='avia_textblock  av_inherit_color '  style='font-size:40px; color:#64757a; '  itemprop=\"text\" ><h2 style=\"text-align: center;\"><strong>J\u00c4GER &amp; KIRCHMAYR<\/strong><br \/>\nDentallabor<\/h2>\n<\/div><\/section><br \/>\n<div  style=' margin-top:30px; margin-bottom:30px;'  class='hr hr-custom hr-center hr-icon-yes   avia-builder-el-4  el_after_av_textblock  el_before_av_textblock '><span class='hr-inner  inner-border-av-border-thin' style=' width:150px; border-color:#64757a; max-width:45%;' ><span class='hr-inner-style'><\/span><\/span><span class='av-seperator-icon'  aria-hidden='true' data-av_icon='\ue883' data-av_iconfont='entypo-fontello'><\/span><span class='hr-inner  inner-border-av-border-thin' style=' width:150px; border-color:#64757a; max-width:45%;' ><span class='hr-inner-style'><\/span><\/span><\/div><br \/>\n<section class=\"av_textblock_section \"  itemscope=\"itemscope\" itemtype=\"https:\/\/schema.org\/CreativeWork\" ><div class='avia_textblock  av_inherit_color '  style='font-size:24px; color:#64757a; '  itemprop=\"text\" ><p style=\"text-align: center;\">Sie haben noch Fragen, ein Projekt steht an oder w\u00fcrden gerne von uns kontaktiert werden? Bitte kontaktieren sie uns unter den unten angef\u00fchrten Nummern oder senden uns ein E-Mail. Wir melden uns verl\u00e4sslich in K\u00fcrze bei Ihnen.<\/p>\n<\/div><\/section><\/p><\/div>\n<div class=\"flex_column av_one_half  av-animated-generic bottom-to-top  flex_column_div av-zero-column-padding first  avia-builder-el-6  el_after_av_one_full  el_before_av_one_half  column-top-margin\" style='border-radius:0px; '><p><section class=\"av_textblock_section \"  itemscope=\"itemscope\" itemtype=\"https:\/\/schema.org\/CreativeWork\" ><div class='avia_textblock  '   itemprop=\"text\" ><p><strong>Kontaktdaten<\/strong><\/p>\n<p>J\u00e4ger &amp; Kirchmayr Dentallabor<br \/>\nGartenweg 4<br \/>\nA-4063 H\u00f6rsching<\/p>\n<p>Telefon: +43 (0) 7221\/73266<br \/>\nMobil: +43 (0) 664\/5729694<br \/>\nlabor@smile-and-more.at<\/p>\n<\/div><\/section><br \/>\n<section class=\"av_textblock_section \"  itemscope=\"itemscope\" itemtype=\"https:\/\/schema.org\/CreativeWork\" ><div class='avia_textblock  av_inherit_color '  style='color:#ffffff; '  itemprop=\"text\" ><p>&#8230;<\/p>\n<\/div><\/section><br \/>\n<section class=\"av_textblock_section \"  itemscope=\"itemscope\" itemtype=\"https:\/\/schema.org\/CreativeWork\" ><div class='avia_textblock  '   itemprop=\"text\" ><p><strong>Unsere \u00d6ffnungszeiten<\/strong><br \/>\nMo-Do: 8:00h bis 17:00h<br \/>\nFr: 8:00h bis 14:00h<br \/>\nSa &amp; So geschlossen<\/p>\n<\/div><\/section><\/p><\/div>\n<div class=\"flex_column av_one_half  av-animated-generic bottom-to-top  flex_column_div av-zero-column-padding   avia-builder-el-10  el_after_av_one_half  el_before_av_textblock  column-top-margin\" style='border-radius:0px; '><section class=\"av_textblock_section \"  itemscope=\"itemscope\" itemtype=\"https:\/\/schema.org\/CreativeWork\" ><div class='avia_textblock  '   itemprop=\"text\" ><p style=\"text-align: left;\"><strong>Senden sie uns eine Anfrage<\/strong><\/p>\n<\/div><\/section><br \/>\n<form action=\"https:\/\/www.smile-and-more.at\/?page_id=156\" method=\"post\"  class=\"avia_ajax_form av-form-labels-visible   avia-builder-el-12  el_after_av_textblock  avia-builder-el-last   \" data-avia-form-id=\"1\" data-avia-redirect='' ><fieldset><p class='  first_form  form_element form_fullwidth' id='element_avia_1_1'><label for=\"avia_1_1\">Name <abbr class=\"required\" title=\"ben\u00f6tigt\">*<\/abbr><\/label> <input name=\"avia_1_1\" class=\"text_input is_empty\" type=\"text\" id=\"avia_1_1\" value=\"\" \/><\/p><p class='  first_form  form_element form_fullwidth' id='element_avia_2_1'><label for=\"avia_2_1\">E-Mail <abbr class=\"required\" title=\"ben\u00f6tigt\">*<\/abbr><\/label> <input name=\"avia_2_1\" class=\"text_input is_email\" type=\"text\" id=\"avia_2_1\" value=\"\" \/><\/p><p class='  first_form  form_element form_fullwidth' id='element_avia_3_1'><label for=\"avia_3_1\">Betreff <abbr class=\"required\" title=\"ben\u00f6tigt\">*<\/abbr><\/label> <input name=\"avia_3_1\" class=\"text_input is_empty\" type=\"text\" id=\"avia_3_1\" value=\"\" \/><\/p><p class='  first_form  form_element form_fullwidth av-last-visible-form-element' id='element_avia_4_1'><label for=\"avia_4_1\" class=\"textare_label hidden textare_label_avia_4_1\">Nachricht <abbr class=\"required\" title=\"ben\u00f6tigt\">*<\/abbr><\/label><textarea  name=\"avia_4_1\" class=\"text_area is_empty\" cols=\"40\" rows=\"7\" id=\"avia_4_1\" ><\/textarea><\/p><p class=\"hidden\"><input type=\"text\" name=\"avia_5_1\" class=\"hidden \" id=\"avia_5_1\" value=\"\" \/><\/p><p class=\"form_element \"><input type=\"hidden\" value=\"1\" name=\"avia_generated_form1\" \/><input type=\"submit\" value=\"Senden\" class=\"button\"  data-sending-label=\"Sende\"\/><\/p><\/fieldset><\/form><div id=\"ajaxresponse_1\" class=\"ajaxresponse ajaxresponse_1 hidden\"><\/div><\/p><\/div>\n<section class=\"av_textblock_section \"  itemscope=\"itemscope\" itemtype=\"https:\/\/schema.org\/CreativeWork\" ><div class='avia_textblock  av_inherit_color '  style='color:#ffffff; '  itemprop=\"text\" ><p>&#8230;<\/p>\n<\/div><\/section>\n<div  class='av-horizontal-gallery av-horizontal-gallery-large-gap av-horizontal-gallery-enlarge-effect av-horizontal-gallery-1  avia-builder-el-14  el_after_av_textblock  el_before_av_textblock  av-control-minimal '  itemprop=\"image\" itemscope=\"itemscope\" itemtype=\"https:\/\/schema.org\/ImageObject\"  style='padding: 3.75% 0px;' data-av-enlarge='1.3'  ><div class='avia-slideshow-arrows avia-slideshow-controls'><a href='#prev' class='prev-slide av-horizontal-gallery-prev' aria-hidden='true' data-av_icon='\ue87c' data-av_iconfont='entypo-fontello'>Zur\u00fcck<\/a><a href='#next' class='next-slide av-horizontal-gallery-next' aria-hidden='true' data-av_icon='\ue87d' data-av_iconfont='entypo-fontello'>Weiter <\/a><\/div><div class='av-horizontal-gallery-inner' style='padding-bottom:25%' data-av-height='25'><div class='av-horizontal-gallery-slider'><div class='av-horizontal-gallery-wrap noHover'><img class='av-horizontal-gallery-img' width='1030' height='833' src='https:\/\/www.smile-and-more.at\/wp-content\/uploads\/2020\/06\/JK-Dentallabor_0003-1030x833.jpg' title='JK Dentallabor_0003' alt='' \/><a href='https:\/\/www.smile-and-more.at\/wp-content\/uploads\/2020\/06\/JK-Dentallabor_0003-1030x833.jpg'  class='av-horizontal-gallery-link' aria-hidden='true' data-av_icon='\ue869' data-av_iconfont='entypo-fontello' title=''><\/a><\/div><div class='av-horizontal-gallery-wrap noHover'><img class='av-horizontal-gallery-img' width='1030' height='687' src='https:\/\/www.smile-and-more.at\/wp-content\/uploads\/2020\/06\/JK-Dentallabor_1437-1030x687.jpg' title='JK Dentallabor_1437' alt='' \/><a href='https:\/\/www.smile-and-more.at\/wp-content\/uploads\/2020\/06\/JK-Dentallabor_1437-1030x687.jpg'  class='av-horizontal-gallery-link' aria-hidden='true' data-av_icon='\ue869' data-av_iconfont='entypo-fontello' title=''><\/a><\/div><div class='av-horizontal-gallery-wrap noHover'><img class='av-horizontal-gallery-img' width='1030' height='687' src='https:\/\/www.smile-and-more.at\/wp-content\/uploads\/2020\/06\/JK-Dentallabor_3893-1030x687.jpg' title='JK Dentallabor_3893' alt='' \/><a href='https:\/\/www.smile-and-more.at\/wp-content\/uploads\/2020\/06\/JK-Dentallabor_3893-1030x687.jpg'  class='av-horizontal-gallery-link' aria-hidden='true' data-av_icon='\ue869' data-av_iconfont='entypo-fontello' title=''><\/a><\/div><div class='av-horizontal-gallery-wrap noHover'><img class='av-horizontal-gallery-img' width='1030' height='687' src='https:\/\/www.smile-and-more.at\/wp-content\/uploads\/2020\/06\/JK-Dentallabor_5947-1030x687.jpg' title='JK Dentallabor_5947' alt='' \/><a href='https:\/\/www.smile-and-more.at\/wp-content\/uploads\/2020\/06\/JK-Dentallabor_5947-1030x687.jpg'  class='av-horizontal-gallery-link' aria-hidden='true' data-av_icon='\ue869' data-av_iconfont='entypo-fontello' title=''><\/a><\/div><div class='av-horizontal-gallery-wrap noHover'><img class='av-horizontal-gallery-img' width='1030' height='687' src='https:\/\/www.smile-and-more.at\/wp-content\/uploads\/2020\/06\/JK-Dentallabor_5923-1030x687.jpg' title='JK Dentallabor_5923' alt='' \/><a href='https:\/\/www.smile-and-more.at\/wp-content\/uploads\/2020\/06\/JK-Dentallabor_5923-1030x687.jpg'  class='av-horizontal-gallery-link' aria-hidden='true' data-av_icon='\ue869' data-av_iconfont='entypo-fontello' title=''><\/a><\/div><div class='av-horizontal-gallery-wrap noHover'><img class='av-horizontal-gallery-img' width='1030' height='687' src='https:\/\/www.smile-and-more.at\/wp-content\/uploads\/2020\/06\/JK-Dentallabor_8908-1030x687.jpg' title='JK Dentallabor_8908' alt='' \/><a href='https:\/\/www.smile-and-more.at\/wp-content\/uploads\/2020\/06\/JK-Dentallabor_8908-1030x687.jpg'  class='av-horizontal-gallery-link' aria-hidden='true' data-av_icon='\ue869' data-av_iconfont='entypo-fontello' title=''><\/a><\/div><div class='av-horizontal-gallery-wrap noHover'><img class='av-horizontal-gallery-img' width='1030' height='687' src='https:\/\/www.smile-and-more.at\/wp-content\/uploads\/2020\/06\/JK-Dentallabor_1540-1030x687.jpg' title='JK Dentallabor_1540' alt='' \/><a href='https:\/\/www.smile-and-more.at\/wp-content\/uploads\/2020\/06\/JK-Dentallabor_1540-1030x687.jpg'  class='av-horizontal-gallery-link' aria-hidden='true' data-av_icon='\ue869' data-av_iconfont='entypo-fontello' title=''><\/a><\/div><div class='av-horizontal-gallery-wrap noHover'><img class='av-horizontal-gallery-img' width='1030' height='666' src='https:\/\/www.smile-and-more.at\/wp-content\/uploads\/2020\/06\/JK-Dentallabor_1517-1-1030x666.jpg' title='JK Dentallabor_1517' alt='' \/><a href='https:\/\/www.smile-and-more.at\/wp-content\/uploads\/2020\/06\/JK-Dentallabor_1517-1-1030x666.jpg'  class='av-horizontal-gallery-link' aria-hidden='true' data-av_icon='\ue869' data-av_iconfont='entypo-fontello' title=''><\/a><\/div><div class='av-horizontal-gallery-wrap noHover'><img class='av-horizontal-gallery-img' width='1030' height='687' src='https:\/\/www.smile-and-more.at\/wp-content\/uploads\/2020\/06\/JK-Dentallabor_8925-1030x687.jpg' title='JK Dentallabor_8925' alt='' \/><a href='https:\/\/www.smile-and-more.at\/wp-content\/uploads\/2020\/06\/JK-Dentallabor_8925-1030x687.jpg'  class='av-horizontal-gallery-link' aria-hidden='true' data-av_icon='\ue869' data-av_iconfont='entypo-fontello' title=''><\/a><\/div><div class='av-horizontal-gallery-wrap noHover'><img class='av-horizontal-gallery-img' width='1030' height='687' src='https:\/\/www.smile-and-more.at\/wp-content\/uploads\/2020\/06\/JK-Dentallabor_2-1-1030x687.jpg' title='JK Dentallabor_2' alt='' \/><a href='https:\/\/www.smile-and-more.at\/wp-content\/uploads\/2020\/06\/JK-Dentallabor_2-1-1030x687.jpg'  class='av-horizontal-gallery-link' aria-hidden='true' data-av_icon='\ue869' data-av_iconfont='entypo-fontello' title=''><\/a><\/div><\/div><\/div><\/div>\n<section class=\"av_textblock_section \"  itemscope=\"itemscope\" itemtype=\"https:\/\/schema.org\/CreativeWork\" ><div class='avia_textblock  av_inherit_color '  style='color:#ffffff; '  itemprop=\"text\" ><p>&#8230;<\/p>\n<\/div><\/section>\n","protected":false},"excerpt":{"rendered":"","protected":false},"author":1,"featured_media":0,"parent":0,"menu_order":0,"comment_status":"open","ping_status":"open","template":"","meta":{"footnotes":""},"class_list":["post-156","page","type-page","status-publish","hentry"],"_links":{"self":[{"href":"https:\/\/www.smile-and-more.at\/index.php?rest_route=\/wp\/v2\/pages\/156"}],"collection":[{"href":"https:\/\/www.smile-and-more.at\/index.php?rest_route=\/wp\/v2\/pages"}],"about":[{"href":"https:\/\/www.smile-and-more.at\/index.php?rest_route=\/wp\/v2\/types\/page"}],"author":[{"embeddable":true,"href":"https:\/\/www.smile-and-more.at\/index.php?rest_route=\/wp\/v2\/users\/1"}],"replies":[{"embeddable":true,"href":"https:\/\/www.smile-and-more.at\/index.php?rest_route=%2Fwp%2Fv2%2Fcomments&post=156"}],"version-history":[{"count":75,"href":"https:\/\/www.smile-and-more.at\/index.php?rest_route=\/wp\/v2\/pages\/156\/revisions"}],"predecessor-version":[{"id":933,"href":"https:\/\/www.smile-and-more.at\/index.php?rest_route=\/wp\/v2\/pages\/156\/revisions\/933"}],"wp:attachment":[{"href":"https:\/\/www.smile-and-more.at\/index.php?rest_route=%2Fwp%2Fv2%2Fmedia&parent=156"}],"curies":[{"name":"wp","href":"https:\/\/api.w.org\/{rel}","templated":true}]}}