{"id":338,"date":"2020-04-08T11:24:27","date_gmt":"2020-04-08T09:24:27","guid":{"rendered":"http:\/\/www.smile-and-more.at\/?page_id=338"},"modified":"2020-04-08T11:24:28","modified_gmt":"2020-04-08T09:24:28","slug":"impressum","status":"publish","type":"page","link":"https:\/\/www.smile-and-more.at\/?page_id=338","title":{"rendered":"Impressum"},"content":{"rendered":"\n<p><\/p>\n\n\n<section class=\"av_textblock_section \"  itemscope=\"itemscope\" itemtype=\"https:\/\/schema.org\/CreativeWork\" ><div class='avia_textblock  '   itemprop=\"text\" ><p>Impressum:<\/p>\n<p>F\u00fcr den Inhalt verantwortlich:<\/p>\n<p>J\u00e4ger &amp; Kirchmayr GmbH.<br \/>\nGartenweg 4<br \/>\nA-4063 H\u00f6rsching<\/p>\n<p>Tel: +43 7221 73266<br \/>\nE-Mail:\u00a0<a>labor@smile-and-more.at<br \/>\n<\/a>UID: \u00a0ATU56163877<br \/>\nFirmenbuchnummer: FN 228256 x<\/p>\n<p>Alle Infos zum Gewerbe k\u00f6nnen auf der Homepage der\u00a0<a href=\"http:\/\/firmen.wko.at\/Web\/DetailsInfos.aspx?FirmaID=ebed527d-f4cc-40d2-8e15-d7ed2756f6b5&amp;StandortID=1143&amp;StandortName=engerwitzdorf&amp;Suchbegriff=artmann&amp;AspxAutoDetectCookieSupport=1\">WKO<\/a>\u00a0gefunden werden.<\/p>\n<p>Haftungsbeschr\u00e4nkung<\/p>\n<p>Die Inhalte dieser Website werden mit gr\u00f6\u00dftm\u00f6glicher Sorgfalt erstellt. J\u00e4ger &amp; Kirchmayr GmbH \u00fcbernimmt keine Gew\u00e4hr f\u00fcr die Richtigkeit, Vollst\u00e4ndigkeit und Aktualit\u00e4t der bereitgestellten Inhalte. Die Nutzung der Inhalte der Website erfolgt auf eigene Gefahr des Nutzers. Namentlich gekennzeichnete Beitr\u00e4ge geben die Meinung des jeweiligen Autors und nicht immer die Meinung des Anbieters wieder.<\/p>\n<\/div><\/section>\n","protected":false},"excerpt":{"rendered":"","protected":false},"author":1,"featured_media":0,"parent":0,"menu_order":0,"comment_status":"closed","ping_status":"closed","template":"","meta":{"footnotes":""},"class_list":["post-338","page","type-page","status-publish","hentry"],"_links":{"self":[{"href":"https:\/\/www.smile-and-more.at\/index.php?rest_route=\/wp\/v2\/pages\/338"}],"collection":[{"href":"https:\/\/www.smile-and-more.at\/index.php?rest_route=\/wp\/v2\/pages"}],"about":[{"href":"https:\/\/www.smile-and-more.at\/index.php?rest_route=\/wp\/v2\/types\/page"}],"author":[{"embeddable":true,"href":"https:\/\/www.smile-and-more.at\/index.php?rest_route=\/wp\/v2\/users\/1"}],"replies":[{"embeddable":true,"href":"https:\/\/www.smile-and-more.at\/index.php?rest_route=%2Fwp%2Fv2%2Fcomments&post=338"}],"version-history":[{"count":2,"href":"https:\/\/www.smile-and-more.at\/index.php?rest_route=\/wp\/v2\/pages\/338\/revisions"}],"predecessor-version":[{"id":340,"href":"https:\/\/www.smile-and-more.at\/index.php?rest_route=\/wp\/v2\/pages\/338\/revisions\/340"}],"wp:attachment":[{"href":"https:\/\/www.smile-and-more.at\/index.php?rest_route=%2Fwp%2Fv2%2Fmedia&parent=338"}],"curies":[{"name":"wp","href":"https:\/\/api.w.org\/{rel}","templated":true}]}}